{"id":13187,"date":"2026-04-16T20:41:42","date_gmt":"2026-04-16T20:41:42","guid":{"rendered":"https:\/\/taksima.com\/?post_type=product&#038;p=13187"},"modified":"2026-04-16T20:41:42","modified_gmt":"2026-04-16T20:41:42","slug":"hermes-terre-dhermes-edt","status":"publish","type":"product","link":"https:\/\/taksima.com\/ar\/product\/hermes-terre-dhermes-edt\/","title":{"rendered":"Herm\u00e8s Terre d&#8217;Herm\u00e8s EDT"},"content":{"rendered":"<p>Herm\u00e8s Terre d&#8217;Herm\u00e8s EDT<\/p>\n","protected":false},"excerpt":{"rendered":"<p>Herm\u00e8s Terre d&#8217;Herm\u00e8s EDT<\/p>\n","protected":false},"featured_media":13188,"comment_status":"open","ping_status":"closed","template":"","meta":{"_acf_changed":false},"product_brand":[317],"product_cat":[76,77],"product_tag":[],"class_list":{"0":"post-13187","1":"product","2":"type-product","3":"status-publish","4":"has-post-thumbnail","6":"product_brand-hermes","7":"product_cat-perfume","8":"product_cat-for-him","10":"first","11":"instock","12":"shipping-taxable","13":"purchasable","14":"product-type-variable","15":"has-default-attributes"},"acf":[],"jetpack_sharing_enabled":true,"_links":{"self":[{"href":"https:\/\/taksima.com\/ar\/wp-json\/wp\/v2\/product\/13187","targetHints":{"allow":["GET"]}}],"collection":[{"href":"https:\/\/taksima.com\/ar\/wp-json\/wp\/v2\/product"}],"about":[{"href":"https:\/\/taksima.com\/ar\/wp-json\/wp\/v2\/types\/product"}],"replies":[{"embeddable":true,"href":"https:\/\/taksima.com\/ar\/wp-json\/wp\/v2\/comments?post=13187"}],"wp:featuredmedia":[{"embeddable":true,"href":"https:\/\/taksima.com\/ar\/wp-json\/wp\/v2\/media\/13188"}],"wp:attachment":[{"href":"https:\/\/taksima.com\/ar\/wp-json\/wp\/v2\/media?parent=13187"}],"wp:term":[{"taxonomy":"product_brand","embeddable":true,"href":"https:\/\/taksima.com\/ar\/wp-json\/wp\/v2\/product_brand?post=13187"},{"taxonomy":"product_cat","embeddable":true,"href":"https:\/\/taksima.com\/ar\/wp-json\/wp\/v2\/product_cat?post=13187"},{"taxonomy":"product_tag","embeddable":true,"href":"https:\/\/taksima.com\/ar\/wp-json\/wp\/v2\/product_tag?post=13187"}],"curies":[{"name":"wp","href":"https:\/\/api.w.org\/{rel}","templated":true}]}}